{"id":297,"date":"2023-06-25T17:26:15","date_gmt":"2023-06-25T21:26:15","guid":{"rendered":"https:\/\/dev.sugastti.com\/HCA\/?page_id=297"},"modified":"2026-02-13T19:07:42","modified_gmt":"2026-02-13T23:07:42","slug":"snack-bar","status":"publish","type":"page","link":"https:\/\/hotelcasinoacaray.com.py\/v2\/gastronomia\/snack-bar\/","title":{"rendered":"Snack Bar"},"content":{"rendered":"\n<p>El snack bar con m\u00e1s movida de la ciudad. Abierto todos los d\u00edas con una atracci\u00f3n diferente: shows de m\u00fasica en vivo, juegos y fiestas especiales. Ofrece un variado men\u00fa de picadas, pizzas y s\u00e1ndwiches as\u00ed como una amplia carta de bebidas y tragos. No olvides probar los tragos\u00a0de\u00a0la\u00a0casa.<\/p>\n","protected":false},"excerpt":{"rendered":"<p>El snack bar con m\u00e1s movida de la ciudad. Abierto todos los d\u00edas con una atracci\u00f3n diferente: shows de m\u00fasica en vivo, juegos y fiestas especiales. Ofrece un variado men\u00fa de picadas, pizzas y s\u00e1ndwiches as\u00ed como una amplia carta de bebidas y tragos. No olvides probar los tragos\u00a0de\u00a0la\u00a0casa.<\/p>\n","protected":false},"author":1,"featured_media":2873,"parent":293,"menu_order":0,"comment_status":"closed","ping_status":"closed","template":"","meta":{"footnotes":""},"class_list":["post-297","page","type-page","status-publish","has-post-thumbnail","hentry"],"_links":{"self":[{"href":"https:\/\/hotelcasinoacaray.com.py\/v2\/wp-json\/wp\/v2\/pages\/297","targetHints":{"allow":["GET"]}}],"collection":[{"href":"https:\/\/hotelcasinoacaray.com.py\/v2\/wp-json\/wp\/v2\/pages"}],"about":[{"href":"https:\/\/hotelcasinoacaray.com.py\/v2\/wp-json\/wp\/v2\/types\/page"}],"author":[{"embeddable":true,"href":"https:\/\/hotelcasinoacaray.com.py\/v2\/wp-json\/wp\/v2\/users\/1"}],"replies":[{"embeddable":true,"href":"https:\/\/hotelcasinoacaray.com.py\/v2\/wp-json\/wp\/v2\/comments?post=297"}],"version-history":[{"count":5,"href":"https:\/\/hotelcasinoacaray.com.py\/v2\/wp-json\/wp\/v2\/pages\/297\/revisions"}],"predecessor-version":[{"id":2878,"href":"https:\/\/hotelcasinoacaray.com.py\/v2\/wp-json\/wp\/v2\/pages\/297\/revisions\/2878"}],"up":[{"embeddable":true,"href":"https:\/\/hotelcasinoacaray.com.py\/v2\/wp-json\/wp\/v2\/pages\/293"}],"wp:featuredmedia":[{"embeddable":true,"href":"https:\/\/hotelcasinoacaray.com.py\/v2\/wp-json\/wp\/v2\/media\/2873"}],"wp:attachment":[{"href":"https:\/\/hotelcasinoacaray.com.py\/v2\/wp-json\/wp\/v2\/media?parent=297"}],"curies":[{"name":"wp","href":"https:\/\/api.w.org\/{rel}","templated":true}]}}